{"id":3296,"date":"2021-06-21T10:29:22","date_gmt":"2021-06-21T10:29:22","guid":{"rendered":"https:\/\/mesfoodtrading.com\/catalogo\/"},"modified":"2022-06-06T14:06:45","modified_gmt":"2022-06-06T14:06:45","slug":"catalogo","status":"publish","type":"page","link":"https:\/\/mesfoodtrading.com\/es\/catalogo\/","title":{"rendered":"Cat\u00e1logo"},"content":{"rendered":"<div class=\"_df_book df-lite\" id=\"df_2047\"  data-title=\"mesfood-catalogue\" _slug=\"mesfood-catalogue\" wpoptions=\"true\" thumb=\"https:\/\/mesfoodtrading.com\/wp-content\/uploads\/2019\/06\/Olives-scaled.jpg\" thumbtype=\"bg\" ><p class=\"df-raw-loading\">Please wait while flipbook is loading. For more related info, FAQs and issues please refer to <a href=\"https:\/\/wordpress.org\/plugins\/3d-flipbook-dflip-lite\/#installation\">DearFlip WordPress Flipbook Plugin Help<\/a> documentation.<\/p><\/div><script class=\"df-shortcode-script\" type=\"application\/javascript\">window.option_df_2047 = {\"webgl\":\"false\",\"outline\":[],\"backgroundColor\":\"#ffffff\",\"forceFit\":\"true\",\"autoEnableOutline\":\"false\",\"autoEnableThumbnail\":\"false\",\"overwritePDFOutline\":\"false\",\"direction\":\"1\",\"pageSize\":\"0\",\"pageMode\":\"2\",\"soundEnable\":\"false\",\"maxTextureSize\":\"1400\",\"autoPlay\":\"false\",\"source\":\"https:\\\/\\\/mesfoodtrading.com\\\/wp-content\\\/uploads\\\/2025\\\/09\\\/Catalogo-de-Producto-2025_V8.pdf\",\"wpOptions\":\"true\"}; if(window.DFLIP && window.DFLIP.parseBooks){window.DFLIP.parseBooks();}<\/script>\n","protected":false},"excerpt":{"rendered":"","protected":false},"author":1,"featured_media":0,"parent":0,"menu_order":0,"comment_status":"closed","ping_status":"closed","template":"","meta":{"footnotes":""},"class_list":["post-3296","page","type-page","status-publish","hentry"],"yoast_head":"<!-- This site is optimized with the Yoast SEO plugin v17.0 - https:\/\/yoast.com\/wordpress\/plugins\/seo\/ -->\n<title>Vea y descargue nuestro Cat\u00e1logo de Alimentos Comerciales en PDF<\/title>\n<meta name=\"description\" content=\"Puede leer, imprimir y compartir nuestro cat\u00e1logo en PDF para descubrir nuestros productos y los \u00faltimos paquetes y formatos.\" \/>\n<meta name=\"robots\" content=\"index, follow, max-snippet:-1, max-image-preview:large, max-video-preview:-1\" \/>\n<link rel=\"canonical\" href=\"https:\/\/mesfoodtrading.com\/es\/catalogo\/\" \/>\n<meta property=\"og:locale\" content=\"es_ES\" \/>\n<meta property=\"og:type\" content=\"article\" \/>\n<meta property=\"og:title\" content=\"Vea y descargue nuestro Cat\u00e1logo de Alimentos Comerciales en PDF\" \/>\n<meta property=\"og:description\" content=\"Puede leer, imprimir y compartir nuestro cat\u00e1logo en PDF para descubrir nuestros productos y los \u00faltimos paquetes y formatos.\" \/>\n<meta property=\"og:url\" content=\"https:\/\/mesfoodtrading.com\/es\/catalogo\/\" \/>\n<meta property=\"og:site_name\" content=\"Mes Food Trading\" \/>\n<meta property=\"article:modified_time\" content=\"2022-06-06T14:06:45+00:00\" \/>\n<meta name=\"twitter:card\" content=\"summary_large_image\" \/>\n<script type=\"application\/ld+json\" class=\"yoast-schema-graph\">{\"@context\":\"https:\/\/schema.org\",\"@graph\":[{\"@type\":\"Organization\",\"@id\":\"https:\/\/mesfoodtrading.com\/#organization\",\"name\":\"Mes Food Trading\",\"url\":\"https:\/\/mesfoodtrading.com\/\",\"sameAs\":[],\"logo\":{\"@type\":\"ImageObject\",\"@id\":\"https:\/\/mesfoodtrading.com\/#logo\",\"inLanguage\":\"es\",\"url\":\"https:\/\/mesfoodtrading.com\/wp-content\/uploads\/2023\/09\/MESFOODTRADING_LOGO-removebg-preview.png\",\"contentUrl\":\"https:\/\/mesfoodtrading.com\/wp-content\/uploads\/2023\/09\/MESFOODTRADING_LOGO-removebg-preview.png\",\"width\":756,\"height\":330,\"caption\":\"Mes Food Trading\"},\"image\":{\"@id\":\"https:\/\/mesfoodtrading.com\/#logo\"}},{\"@type\":\"WebSite\",\"@id\":\"https:\/\/mesfoodtrading.com\/#website\",\"url\":\"https:\/\/mesfoodtrading.com\/\",\"name\":\"Mes Food Trading\",\"description\":\"Otro sitio realizado con WordPress\",\"publisher\":{\"@id\":\"https:\/\/mesfoodtrading.com\/#organization\"},\"potentialAction\":[{\"@type\":\"SearchAction\",\"target\":{\"@type\":\"EntryPoint\",\"urlTemplate\":\"https:\/\/mesfoodtrading.com\/?s={search_term_string}\"},\"query-input\":\"required name=search_term_string\"}],\"inLanguage\":\"es\"},{\"@type\":\"WebPage\",\"@id\":\"https:\/\/mesfoodtrading.com\/es\/catalogo\/#webpage\",\"url\":\"https:\/\/mesfoodtrading.com\/es\/catalogo\/\",\"name\":\"Vea y descargue nuestro Cat\\u00e1logo de Alimentos Comerciales en PDF\",\"isPartOf\":{\"@id\":\"https:\/\/mesfoodtrading.com\/#website\"},\"datePublished\":\"2021-06-21T10:29:22+00:00\",\"dateModified\":\"2022-06-06T14:06:45+00:00\",\"description\":\"Puede leer, imprimir y compartir nuestro cat\\u00e1logo en PDF para descubrir nuestros productos y los \\u00faltimos paquetes y formatos.\",\"breadcrumb\":{\"@id\":\"https:\/\/mesfoodtrading.com\/es\/catalogo\/#breadcrumb\"},\"inLanguage\":\"es\",\"potentialAction\":[{\"@type\":\"ReadAction\",\"target\":[\"https:\/\/mesfoodtrading.com\/es\/catalogo\/\"]}]},{\"@type\":\"BreadcrumbList\",\"@id\":\"https:\/\/mesfoodtrading.com\/es\/catalogo\/#breadcrumb\",\"itemListElement\":[{\"@type\":\"ListItem\",\"position\":1,\"name\":\"Portada\",\"item\":\"https:\/\/mesfoodtrading.com\/es\/\"},{\"@type\":\"ListItem\",\"position\":2,\"name\":\"Cat\\u00e1logo\"}]}]}<\/script>\n<!-- \/ Yoast SEO plugin. -->","yoast_head_json":{"title":"Vea y descargue nuestro Cat\u00e1logo de Alimentos Comerciales en PDF","description":"Puede leer, imprimir y compartir nuestro cat\u00e1logo en PDF para descubrir nuestros productos y los \u00faltimos paquetes y formatos.","robots":{"index":"index","follow":"follow","max-snippet":"max-snippet:-1","max-image-preview":"max-image-preview:large","max-video-preview":"max-video-preview:-1"},"canonical":"https:\/\/mesfoodtrading.com\/es\/catalogo\/","og_locale":"es_ES","og_type":"article","og_title":"Vea y descargue nuestro Cat\u00e1logo de Alimentos Comerciales en PDF","og_description":"Puede leer, imprimir y compartir nuestro cat\u00e1logo en PDF para descubrir nuestros productos y los \u00faltimos paquetes y formatos.","og_url":"https:\/\/mesfoodtrading.com\/es\/catalogo\/","og_site_name":"Mes Food Trading","article_modified_time":"2022-06-06T14:06:45+00:00","twitter_card":"summary_large_image","schema":{"@context":"https:\/\/schema.org","@graph":[{"@type":"Organization","@id":"https:\/\/mesfoodtrading.com\/#organization","name":"Mes Food Trading","url":"https:\/\/mesfoodtrading.com\/","sameAs":[],"logo":{"@type":"ImageObject","@id":"https:\/\/mesfoodtrading.com\/#logo","inLanguage":"es","url":"https:\/\/mesfoodtrading.com\/wp-content\/uploads\/2023\/09\/MESFOODTRADING_LOGO-removebg-preview.png","contentUrl":"https:\/\/mesfoodtrading.com\/wp-content\/uploads\/2023\/09\/MESFOODTRADING_LOGO-removebg-preview.png","width":756,"height":330,"caption":"Mes Food Trading"},"image":{"@id":"https:\/\/mesfoodtrading.com\/#logo"}},{"@type":"WebSite","@id":"https:\/\/mesfoodtrading.com\/#website","url":"https:\/\/mesfoodtrading.com\/","name":"Mes Food Trading","description":"Otro sitio realizado con WordPress","publisher":{"@id":"https:\/\/mesfoodtrading.com\/#organization"},"potentialAction":[{"@type":"SearchAction","target":{"@type":"EntryPoint","urlTemplate":"https:\/\/mesfoodtrading.com\/?s={search_term_string}"},"query-input":"required name=search_term_string"}],"inLanguage":"es"},{"@type":"WebPage","@id":"https:\/\/mesfoodtrading.com\/es\/catalogo\/#webpage","url":"https:\/\/mesfoodtrading.com\/es\/catalogo\/","name":"Vea y descargue nuestro Cat\u00e1logo de Alimentos Comerciales en PDF","isPartOf":{"@id":"https:\/\/mesfoodtrading.com\/#website"},"datePublished":"2021-06-21T10:29:22+00:00","dateModified":"2022-06-06T14:06:45+00:00","description":"Puede leer, imprimir y compartir nuestro cat\u00e1logo en PDF para descubrir nuestros productos y los \u00faltimos paquetes y formatos.","breadcrumb":{"@id":"https:\/\/mesfoodtrading.com\/es\/catalogo\/#breadcrumb"},"inLanguage":"es","potentialAction":[{"@type":"ReadAction","target":["https:\/\/mesfoodtrading.com\/es\/catalogo\/"]}]},{"@type":"BreadcrumbList","@id":"https:\/\/mesfoodtrading.com\/es\/catalogo\/#breadcrumb","itemListElement":[{"@type":"ListItem","position":1,"name":"Portada","item":"https:\/\/mesfoodtrading.com\/es\/"},{"@type":"ListItem","position":2,"name":"Cat\u00e1logo"}]}]}},"_links":{"self":[{"href":"https:\/\/mesfoodtrading.com\/es\/wp-json\/wp\/v2\/pages\/3296","targetHints":{"allow":["GET"]}}],"collection":[{"href":"https:\/\/mesfoodtrading.com\/es\/wp-json\/wp\/v2\/pages"}],"about":[{"href":"https:\/\/mesfoodtrading.com\/es\/wp-json\/wp\/v2\/types\/page"}],"author":[{"embeddable":true,"href":"https:\/\/mesfoodtrading.com\/es\/wp-json\/wp\/v2\/users\/1"}],"replies":[{"embeddable":true,"href":"https:\/\/mesfoodtrading.com\/es\/wp-json\/wp\/v2\/comments?post=3296"}],"version-history":[{"count":2,"href":"https:\/\/mesfoodtrading.com\/es\/wp-json\/wp\/v2\/pages\/3296\/revisions"}],"predecessor-version":[{"id":3373,"href":"https:\/\/mesfoodtrading.com\/es\/wp-json\/wp\/v2\/pages\/3296\/revisions\/3373"}],"wp:attachment":[{"href":"https:\/\/mesfoodtrading.com\/es\/wp-json\/wp\/v2\/media?parent=3296"}],"curies":[{"name":"wp","href":"https:\/\/api.w.org\/{rel}","templated":true}]}}